{"id":1146,"date":"2018-10-18T12:11:47","date_gmt":"2018-10-18T16:11:47","guid":{"rendered":"https:\/\/dev.chaletslaurentidesmont-tremblant.ca\/?page_id=1146"},"modified":"2023-08-07T16:27:34","modified_gmt":"2023-08-07T20:27:34","slug":"a-propos","status":"publish","type":"page","link":"https:\/\/dev.chaletslaurentidesmont-tremblant.ca\/fr\/a-propos\/","title":{"rendered":"\u00c0 propos"},"content":{"rendered":"<p>S\u00e9journez dans un de nos charmants chalets situ\u00e9s au coeur de Mont-Tremblant dans la belle r\u00e9gion des Laurentides. Classifi\u00e9 dans la cat\u00e9gorie \u00ab \u00c9tablissements d\u2019h\u00e9bergement touristique g\u00e9n\u00e9ral \u00bb dont le num\u00e9ro d\u2019enregistrement est 222188, les chalets sont situ\u00e9s \u00e0 proximit\u00e9 de toutes les activit\u00e9s. Selon la saison vous pouvez faire du ski alpin \u00e0 la station Tremblant ou au Mont Blanc, du ski de fond au Domaine St-Bernard, du golf aux nombreux terrains de golf ou simplement faire une partie de shopping \u00e0 moins de cinq minutes dans le pittoresque centre-ville de Mont-Tremblant.<\/p>\n","protected":false},"excerpt":{"rendered":"<p>S\u00e9journez dans un de nos charmants chalets situ\u00e9s au coeur de Mont-Tremblant dans la belle r\u00e9gion des Laurentides. Classifi\u00e9 dans la cat\u00e9gorie \u00ab \u00c9tablissements d\u2019h\u00e9bergement touristique g\u00e9n\u00e9ral \u00bb dont le num\u00e9ro d\u2019enregistrement est 222188, les chalets sont situ\u00e9s \u00e0 proximit\u00e9 de toutes les activit\u00e9s. Selon la saison vous pouvez faire du ski alpin \u00e0 la &hellip; <a href=\"https:\/\/dev.chaletslaurentidesmont-tremblant.ca\/fr\/a-propos\/\" class=\"more-link\">Continue reading<span class=\"screen-reader-text\"> \u00ab\u00a0\u00c0 propos\u00a0\u00bb<\/span><\/a><\/p>\n","protected":false},"author":1,"featured_media":0,"parent":0,"menu_order":0,"comment_status":"closed","ping_status":"closed","template":"","meta":{"footnotes":""},"class_list":["post-1146","page","type-page","status-publish","hentry"],"_links":{"self":[{"href":"https:\/\/dev.chaletslaurentidesmont-tremblant.ca\/fr\/wp-json\/wp\/v2\/pages\/1146","targetHints":{"allow":["GET"]}}],"collection":[{"href":"https:\/\/dev.chaletslaurentidesmont-tremblant.ca\/fr\/wp-json\/wp\/v2\/pages"}],"about":[{"href":"https:\/\/dev.chaletslaurentidesmont-tremblant.ca\/fr\/wp-json\/wp\/v2\/types\/page"}],"author":[{"embeddable":true,"href":"https:\/\/dev.chaletslaurentidesmont-tremblant.ca\/fr\/wp-json\/wp\/v2\/users\/1"}],"replies":[{"embeddable":true,"href":"https:\/\/dev.chaletslaurentidesmont-tremblant.ca\/fr\/wp-json\/wp\/v2\/comments?post=1146"}],"version-history":[{"count":0,"href":"https:\/\/dev.chaletslaurentidesmont-tremblant.ca\/fr\/wp-json\/wp\/v2\/pages\/1146\/revisions"}],"wp:attachment":[{"href":"https:\/\/dev.chaletslaurentidesmont-tremblant.ca\/fr\/wp-json\/wp\/v2\/media?parent=1146"}],"curies":[{"name":"wp","href":"https:\/\/api.w.org\/{rel}","templated":true}]}}