{"id":1149,"date":"2018-10-18T12:12:39","date_gmt":"2018-10-18T16:12:39","guid":{"rendered":"https:\/\/dev.chaletslaurentidesmont-tremblant.ca\/?page_id=1149"},"modified":"2018-10-18T17:12:10","modified_gmt":"2018-10-18T21:12:10","slug":"activites","status":"publish","type":"page","link":"https:\/\/dev.chaletslaurentidesmont-tremblant.ca\/fr\/activites\/","title":{"rendered":"Activit\u00e9s"},"content":{"rendered":"<p>Mont-Tremblant est l\u2019h\u00f4te de plusieurs festivals, activit\u00e9s culturelles et sportives tout au long de l\u2019ann\u00e9e. Vous pouvez visiter les diff\u00e9rents sites tels que Tourisme Laurentides ou Tourisme Mont-Tremblant pour avoir un aper\u00e7u. De plus voici d\u2019autres sites dont nous vous proposons comme activit\u00e9s.<\/p>\n<p>&nbsp;<\/p>\n<p><strong>Tourisme Laurentides<\/strong><br \/>\n<a href=\"http:\/\/www.laurentides.com\" target=\"_blank\" rel=\"noopener nofollow\">www.laurentides.com<\/a><\/p>\n<p><strong>Tourisme Mont-Tremblant<\/strong><br \/>\n<a href=\"http:\/\/www.tourismemonttremblant.com\" target=\"_blank\" rel=\"noopener nofollow\">www.tourismemonttremblant.com<\/a><\/p>\n<p><strong>Tourisme Qu\u00e9bec<\/strong><br \/>\n<a href=\"http:\/\/www.bonjourquebec.com\" target=\"_blank\" rel=\"noopener nofollow\">www.bonjourquebec.com<\/a><\/p>\n<hr \/>\n","protected":false},"excerpt":{"rendered":"<p>Mont-Tremblant est l\u2019h\u00f4te de plusieurs festivals, activit\u00e9s culturelles et sportives tout au long de l\u2019ann\u00e9e. Vous pouvez visiter les diff\u00e9rents sites tels que Tourisme Laurentides ou Tourisme Mont-Tremblant pour avoir un aper\u00e7u. De plus voici d\u2019autres sites dont nous vous proposons comme activit\u00e9s. &nbsp; Tourisme Laurentides www.laurentides.com Tourisme Mont-Tremblant www.tourismemonttremblant.com Tourisme Qu\u00e9bec www.bonjourquebec.com<\/p>\n","protected":false},"author":1,"featured_media":0,"parent":0,"menu_order":0,"comment_status":"closed","ping_status":"closed","template":"template-grid-page.php","meta":{"footnotes":""},"class_list":["post-1149","page","type-page","status-publish","hentry"],"_links":{"self":[{"href":"https:\/\/dev.chaletslaurentidesmont-tremblant.ca\/fr\/wp-json\/wp\/v2\/pages\/1149","targetHints":{"allow":["GET"]}}],"collection":[{"href":"https:\/\/dev.chaletslaurentidesmont-tremblant.ca\/fr\/wp-json\/wp\/v2\/pages"}],"about":[{"href":"https:\/\/dev.chaletslaurentidesmont-tremblant.ca\/fr\/wp-json\/wp\/v2\/types\/page"}],"author":[{"embeddable":true,"href":"https:\/\/dev.chaletslaurentidesmont-tremblant.ca\/fr\/wp-json\/wp\/v2\/users\/1"}],"replies":[{"embeddable":true,"href":"https:\/\/dev.chaletslaurentidesmont-tremblant.ca\/fr\/wp-json\/wp\/v2\/comments?post=1149"}],"version-history":[{"count":0,"href":"https:\/\/dev.chaletslaurentidesmont-tremblant.ca\/fr\/wp-json\/wp\/v2\/pages\/1149\/revisions"}],"wp:attachment":[{"href":"https:\/\/dev.chaletslaurentidesmont-tremblant.ca\/fr\/wp-json\/wp\/v2\/media?parent=1149"}],"curies":[{"name":"wp","href":"https:\/\/api.w.org\/{rel}","templated":true}]}}