{"id":1182,"date":"2018-10-18T12:19:33","date_gmt":"2018-10-18T16:19:33","guid":{"rendered":"https:\/\/dev.chaletslaurentidesmont-tremblant.ca\/?page_id=1182"},"modified":"2023-11-15T14:35:00","modified_gmt":"2023-11-15T19:35:00","slug":"chalets","status":"publish","type":"page","link":"https:\/\/dev.chaletslaurentidesmont-tremblant.ca\/fr\/chalets\/","title":{"rendered":"Chalets"},"content":{"rendered":"<div class=\"mphb_sc_rooms-wrapper mphb-room-types \">\n<div class=\"mphb-room-type post-1245 mphb_room_type type-mphb_room_type status-publish has-post-thumbnail mphb_room_type_category-chalet-fr mphb_room_type_facility-chaines-satellite mphb_room_type_facility-internet-wifi mphb_room_type_facility-au-bord-du-lac mphb_room_type_facility-embarcations-nautiques mphb_room_type_facility-lave-vaisselles-fr mphb_room_type_facility-literie mphb_room_type_facility-materiel-de-repassage mphb_room_type_facility-seche-cheveux mphb_room_type_facility-serviettes-et-essuie-mains mphb_room_type_facility-television-fr mphb_room_type_facility-terrasse-avec-espace-repas-exterieur-et-barbecue mphb_room_type_facility-ventilateurs mphb-room-type-adults-6 mphb-room-type-children-0 has-taxes-and-fees\">\n\n\t\n\t\n\n\t<p class=\"post-thumbnail mphb-loop-room-thumbnail\"><span class=\"mphb_room_type_featured_image_wrapper\">\n\t<a href=\"https:\/\/dev.chaletslaurentidesmont-tremblant.ca\/fr\/accommodation\/le-jaseur\/\">\n\t<img loading=\"lazy\" decoding=\"async\" width=\"717\" height=\"540\" src=\"https:\/\/dev.chaletslaurentidesmont-tremblant.ca\/wp-content\/uploads\/2018\/08\/photo_chalets_laurentides_mont-tremblant_jaseur_cote_chemin-717x540.jpg\" class=\"attachment-villagio-thumb-small size-villagio-thumb-small wp-post-image\" alt=\"\" srcset=\"https:\/\/dev.chaletslaurentidesmont-tremblant.ca\/wp-content\/uploads\/2018\/08\/photo_chalets_laurentides_mont-tremblant_jaseur_cote_chemin-717x540.jpg 717w, https:\/\/dev.chaletslaurentidesmont-tremblant.ca\/wp-content\/uploads\/2018\/08\/photo_chalets_laurentides_mont-tremblant_jaseur_cote_chemin-300x225.jpg 300w, https:\/\/dev.chaletslaurentidesmont-tremblant.ca\/wp-content\/uploads\/2018\/08\/photo_chalets_laurentides_mont-tremblant_jaseur_cote_chemin-1434x1080.jpg 1434w\" sizes=\"auto, (max-width: 717px) 100vw, 717px\" \/>\t<\/a>\n\n\t<span class=\"mphb_room_type_categories_header_wrapper\"><a href=\"https:\/\/dev.chaletslaurentidesmont-tremblant.ca\/fr\/accommodation-category\/chalet-fr\/\" rel=\"tag\">Chalet<\/a><\/span><\/span><!-- .mphb_room_type_featured_image_wrapper --><\/p>\n\n<h2 class=\"mphb-room-type-title entry-title\">\n\n<a class=\"mphb-room-type-title\" href=\"https:\/\/dev.chaletslaurentidesmont-tremblant.ca\/fr\/accommodation\/le-jaseur\/\">Le Jaseur<\/a>\n\n<\/h2>\n\n<p>Maison de campagne de deux \u00e9tages sur le bord du lac Duhamel peut accommoder six personnes. Ces pi\u00e8ces vous offrent une incroyable vue sur le lac. La porte-patio du salon vous donne acc\u00e8s directement au patio de granit et \u00e0 la cour, dont le terrain est plat.  Un quai pour les embarcations mis \u00e0 votre disposition \u00e0 moins de 20 m\u00e8tres du chalet. Un foyer ext\u00e9rieur agr\u00e9mentera vos belles soir\u00e9es estivales. En hiver, les amateurs de ski de fond ou de la raquette trouveront leurs comptes.<\/p>\n\n\n<h3 class=\"mphb-room-type-details-title\">D\u00e9tails<\/h3><ul class=\"mphb-loop-room-type-attributes\">\n\n\n\t<li class=\"mphb-room-type-adults-capacity\"><span class=\"mphb-attribute-title mphb-adults-title\">Personnes:<\/span><span class=\"mphb-attribute-value\">\n\t6\n\t<\/span><\/li>\n\n\n\n\t<li class=\"mphb-room-type-facilities\"><span class=\"mphb-attribute-title mphb-facilities-title\">Commodit\u00e9s:<\/span><span class=\"mphb-attribute-value\"> <span class=\"facility-internet-wifi\"><a href=\"https:\/\/dev.chaletslaurentidesmont-tremblant.ca\/fr\/accommodation-facility\/internet-wifi\/\">Acc\u00e8s internet (Wifi)<\/a><\/span>, <span class=\"facility-au-bord-du-lac\"><a href=\"https:\/\/dev.chaletslaurentidesmont-tremblant.ca\/fr\/accommodation-facility\/au-bord-du-lac\/\">Au bord du lac<\/a><\/span>, <span class=\"facility-chaines-satellite\"><a href=\"https:\/\/dev.chaletslaurentidesmont-tremblant.ca\/fr\/accommodation-facility\/chaines-satellite\/\">Cha\u00eenes satellite<\/a><\/span>, <span class=\"facility-embarcations-nautiques\"><a href=\"https:\/\/dev.chaletslaurentidesmont-tremblant.ca\/fr\/accommodation-facility\/embarcations-nautiques\/\">Embarcations nautiques<\/a><\/span>, <span class=\"facility-lave-vaisselles-fr\"><a href=\"https:\/\/dev.chaletslaurentidesmont-tremblant.ca\/fr\/accommodation-facility\/lave-vaisselles-fr\/\">Lave-vaisselles<\/a><\/span>, <span class=\"facility-literie\"><a href=\"https:\/\/dev.chaletslaurentidesmont-tremblant.ca\/fr\/accommodation-facility\/literie\/\">Literie<\/a><\/span>, <span class=\"facility-materiel-de-repassage\"><a href=\"https:\/\/dev.chaletslaurentidesmont-tremblant.ca\/fr\/accommodation-facility\/materiel-de-repassage\/\">Mat\u00e9riel de repassage<\/a><\/span>, <span class=\"facility-seche-cheveux\"><a href=\"https:\/\/dev.chaletslaurentidesmont-tremblant.ca\/fr\/accommodation-facility\/seche-cheveux\/\">S\u00e8che-cheveux<\/a><\/span>, <span class=\"facility-serviettes-et-essuie-mains\"><a href=\"https:\/\/dev.chaletslaurentidesmont-tremblant.ca\/fr\/accommodation-facility\/serviettes-et-essuie-mains\/\">Serviettes et essuie-mains<\/a><\/span>, <span class=\"facility-television-fr\"><a href=\"https:\/\/dev.chaletslaurentidesmont-tremblant.ca\/fr\/accommodation-facility\/television-fr\/\">T\u00e9l\u00e9vision<\/a><\/span>, <span class=\"facility-terrasse-avec-espace-repas-exterieur-et-barbecue\"><a href=\"https:\/\/dev.chaletslaurentidesmont-tremblant.ca\/fr\/accommodation-facility\/terrasse-avec-espace-repas-exterieur-et-barbecue\/\">Terrasse avec espace repas ext\u00e9rieur et barbecue<\/a><\/span>, <span class=\"facility-ventilateurs\"><a href=\"https:\/\/dev.chaletslaurentidesmont-tremblant.ca\/fr\/accommodation-facility\/ventilateurs\/\">Ventilateur dans toutes les pi\u00e8ces principales<\/a><\/span><\/span><\/li>\n\n\n\n\t<li class=\"mphb-room-type-view\"><span class=\"mphb-attribute-title mphb-view-title\">Vue :<\/span><span class=\"mphb-attribute-value\">\n\tLac et montagne\n\t<\/span><\/li>\n\n\n\n\t<li class=\"mphb-room-type-size\"><span class=\"mphb-attribute-title mphb-size-title\">Taille :<\/span><span class=\"mphb-attribute-value\">\n\t1038ft\u00b2\n\t<\/span><\/li>\n\n\n\t<li class=\"mphb-room-type-bed-type\"><span  class=\"mphb-attribute-title mphb-bed-type-title\">Type de lit:<\/span><span class=\"mphb-attribute-value\">\n\t2 lits queen (double), 2 canap\u00e9s-lits simples,\n\t<\/span><\/li>\n\n\n\t<li class=\"mphb-room-type-categories\"><span class=\"mphb-attribute-title mphb-categories-title\">Cat\u00e9gories :<\/span><span class=\"mphb-attribute-value\"> <span class=\"category-chalet-fr\"><a href=\"https:\/\/dev.chaletslaurentidesmont-tremblant.ca\/fr\/accommodation-category\/chalet-fr\/\">Chalet<\/a><\/span><\/span><\/li>\n\n<\/ul>\n<h3 class=\"mphb-room-type-details-title\">D\u00e9tails<\/h3><ul class=\"mphb-loop-room-type-attributes\">\n\n\n\t<li class=\"mphb-room-type-adults-capacity\"><span class=\"mphb-attribute-title mphb-adults-title\">Personnes:<\/span><span class=\"mphb-attribute-value\">\n\t6\n\t<\/span><\/li>\n\n\n\n\t<li class=\"mphb-room-type-facilities\"><span class=\"mphb-attribute-title mphb-facilities-title\">Commodit\u00e9s:<\/span><span class=\"mphb-attribute-value\"> <span class=\"facility-internet-wifi\"><a href=\"https:\/\/dev.chaletslaurentidesmont-tremblant.ca\/fr\/accommodation-facility\/internet-wifi\/\">Acc\u00e8s internet (Wifi)<\/a><\/span>, <span class=\"facility-au-bord-du-lac\"><a href=\"https:\/\/dev.chaletslaurentidesmont-tremblant.ca\/fr\/accommodation-facility\/au-bord-du-lac\/\">Au bord du lac<\/a><\/span>, <span class=\"facility-chaines-satellite\"><a href=\"https:\/\/dev.chaletslaurentidesmont-tremblant.ca\/fr\/accommodation-facility\/chaines-satellite\/\">Cha\u00eenes satellite<\/a><\/span>, <span class=\"facility-embarcations-nautiques\"><a href=\"https:\/\/dev.chaletslaurentidesmont-tremblant.ca\/fr\/accommodation-facility\/embarcations-nautiques\/\">Embarcations nautiques<\/a><\/span>, <span class=\"facility-lave-vaisselles-fr\"><a href=\"https:\/\/dev.chaletslaurentidesmont-tremblant.ca\/fr\/accommodation-facility\/lave-vaisselles-fr\/\">Lave-vaisselles<\/a><\/span>, <span class=\"facility-literie\"><a href=\"https:\/\/dev.chaletslaurentidesmont-tremblant.ca\/fr\/accommodation-facility\/literie\/\">Literie<\/a><\/span>, <span class=\"facility-materiel-de-repassage\"><a href=\"https:\/\/dev.chaletslaurentidesmont-tremblant.ca\/fr\/accommodation-facility\/materiel-de-repassage\/\">Mat\u00e9riel de repassage<\/a><\/span>, <span class=\"facility-seche-cheveux\"><a href=\"https:\/\/dev.chaletslaurentidesmont-tremblant.ca\/fr\/accommodation-facility\/seche-cheveux\/\">S\u00e8che-cheveux<\/a><\/span>, <span class=\"facility-serviettes-et-essuie-mains\"><a href=\"https:\/\/dev.chaletslaurentidesmont-tremblant.ca\/fr\/accommodation-facility\/serviettes-et-essuie-mains\/\">Serviettes et essuie-mains<\/a><\/span>, <span class=\"facility-television-fr\"><a href=\"https:\/\/dev.chaletslaurentidesmont-tremblant.ca\/fr\/accommodation-facility\/television-fr\/\">T\u00e9l\u00e9vision<\/a><\/span>, <span class=\"facility-terrasse-avec-espace-repas-exterieur-et-barbecue\"><a href=\"https:\/\/dev.chaletslaurentidesmont-tremblant.ca\/fr\/accommodation-facility\/terrasse-avec-espace-repas-exterieur-et-barbecue\/\">Terrasse avec espace repas ext\u00e9rieur et barbecue<\/a><\/span>, <span class=\"facility-ventilateurs\"><a href=\"https:\/\/dev.chaletslaurentidesmont-tremblant.ca\/fr\/accommodation-facility\/ventilateurs\/\">Ventilateur dans toutes les pi\u00e8ces principales<\/a><\/span><\/span><\/li>\n\n\n\n\t<li class=\"mphb-room-type-view\"><span class=\"mphb-attribute-title mphb-view-title\">Vue :<\/span><span class=\"mphb-attribute-value\">\n\tLac et montagne\n\t<\/span><\/li>\n\n\n\n\t<li class=\"mphb-room-type-size\"><span class=\"mphb-attribute-title mphb-size-title\">Taille :<\/span><span class=\"mphb-attribute-value\">\n\t1038ft\u00b2\n\t<\/span><\/li>\n\n\n\t<li class=\"mphb-room-type-bed-type\"><span  class=\"mphb-attribute-title mphb-bed-type-title\">Type de lit:<\/span><span class=\"mphb-attribute-value\">\n\t2 lits queen (double), 2 canap\u00e9s-lits simples,\n\t<\/span><\/li>\n\n\n\t<li class=\"mphb-room-type-categories\"><span class=\"mphb-attribute-title mphb-categories-title\">Cat\u00e9gories :<\/span><span class=\"mphb-attribute-value\"> <span class=\"category-chalet-fr\"><a href=\"https:\/\/dev.chaletslaurentidesmont-tremblant.ca\/fr\/accommodation-category\/chalet-fr\/\">Chalet<\/a><\/span><\/span><\/li>\n\n<\/ul>\n\n\t<p class=\"mphb-regular-price\"><strong>Prix \u00e0 partir de:<\/strong>\n\t<span class=\"mphb-price\">684.98<span class=\"mphb-currency\">&#36;<\/span><\/span> <span class=\"mphb-price-period\" title=\"Choisissez les dates pour voir les prix pertinents\">par nuit<\/span><span class=\"mphb-tax-information taxes-included\"> (+taxes et frais)<\/span>\n\t<\/p>\n\n<p class=\"mphb-view-details-button-wrapper\">\n<a class=\"button mphb-view-details-button\" href=\"https:\/\/dev.chaletslaurentidesmont-tremblant.ca\/fr\/accommodation\/le-jaseur\/\" >Voir les d\u00e9tails<\/a>\n<\/p>\n<div class=\"mphb-to-book-btn-wrapper\">\n<form action=\"https:\/\/dev.chaletslaurentidesmont-tremblant.ca\/fr\/accommodation\/le-jaseur\/#booking-form-1245\" method=\"get\" ><button type=\"submit\" class=\"button mphb-book-button\" >R\u00e9server<\/button><\/form>\n<br\/><\/div>\n\t\n<\/div>\n\n\n<div class=\"mphb-room-type post-1246 mphb_room_type type-mphb_room_type status-publish has-post-thumbnail mphb_room_type_category-chalet-fr mphb_room_type_facility-internet-wifi mphb_room_type_facility-acces-prive-au-lac mphb_room_type_facility-chaines-satellite mphb_room_type_facility-literie mphb_room_type_facility-materiel-de-repassage mphb_room_type_facility-serviettes-et-essuie-mains mphb_room_type_facility-station-daccueil-pour-ipod mphb_room_type_facility-television-fr mphb_room_type_facility-terrasse-avec-espace-repas-exterieur-et-barbecue mphb_room_type_facility-ventilateur mphb-room-type-adults-4 mphb-room-type-children-0 has-taxes-and-fees\">\n\n\t\n\t\n\n\t<p class=\"post-thumbnail mphb-loop-room-thumbnail\"><span class=\"mphb_room_type_featured_image_wrapper\">\n\t<a href=\"https:\/\/dev.chaletslaurentidesmont-tremblant.ca\/fr\/accommodation\/chalet-le-geai-bleu\/\">\n\t<img loading=\"lazy\" decoding=\"async\" width=\"717\" height=\"540\" src=\"https:\/\/dev.chaletslaurentidesmont-tremblant.ca\/wp-content\/uploads\/2018\/06\/le-geai-blue-photo-chalets-exterieur-corr-717x540.jpg\" class=\"attachment-villagio-thumb-small size-villagio-thumb-small wp-post-image\" alt=\"\" srcset=\"https:\/\/dev.chaletslaurentidesmont-tremblant.ca\/wp-content\/uploads\/2018\/06\/le-geai-blue-photo-chalets-exterieur-corr-717x540.jpg 717w, https:\/\/dev.chaletslaurentidesmont-tremblant.ca\/wp-content\/uploads\/2018\/06\/le-geai-blue-photo-chalets-exterieur-corr-300x225.jpg 300w, https:\/\/dev.chaletslaurentidesmont-tremblant.ca\/wp-content\/uploads\/2018\/06\/le-geai-blue-photo-chalets-exterieur-corr-1434x1080.jpg 1434w\" sizes=\"auto, (max-width: 717px) 100vw, 717px\" \/>\t<\/a>\n\n\t<span class=\"mphb_room_type_categories_header_wrapper\"><a href=\"https:\/\/dev.chaletslaurentidesmont-tremblant.ca\/fr\/accommodation-category\/chalet-fr\/\" rel=\"tag\">Chalet<\/a><\/span><\/span><!-- .mphb_room_type_featured_image_wrapper --><\/p>\n\n<h2 class=\"mphb-room-type-title entry-title\">\n\n<a class=\"mphb-room-type-title\" href=\"https:\/\/dev.chaletslaurentidesmont-tremblant.ca\/fr\/accommodation\/chalet-le-geai-bleu\/\">Le Geai Bleu<\/a>\n\n<\/h2>\n\n<p>Une coquette mini maison de campagne tout pr\u00e8s du lac Duhamel est id\u00e9ale pour deux personnes mais peut accommoder quatre personnes. Les pi\u00e8ces sont tr\u00e8s bien \u00e9clair\u00e9es par la lumi\u00e8re naturelle venant des multiples et grandes fen\u00eatres. Elle comprend une chambre \u00e0 coucher et une salle de bain privative.  \u00c0 l&rsquo;ext\u00e9rieur, une terrasse en pierre \u00e9quip\u00e9e d\u2019un espace repas et d&rsquo;un BBQ. De plus vous avez un acc\u00e8s priv\u00e9 au lac.<\/p>\n\n\n<h3 class=\"mphb-room-type-details-title\">D\u00e9tails<\/h3><ul class=\"mphb-loop-room-type-attributes\">\n\n\n\t<li class=\"mphb-room-type-adults-capacity\"><span class=\"mphb-attribute-title mphb-adults-title\">Personnes:<\/span><span class=\"mphb-attribute-value\">\n\t4\n\t<\/span><\/li>\n\n\n\n\t<li class=\"mphb-room-type-facilities\"><span class=\"mphb-attribute-title mphb-facilities-title\">Commodit\u00e9s:<\/span><span class=\"mphb-attribute-value\"> <span class=\"facility-internet-wifi\"><a href=\"https:\/\/dev.chaletslaurentidesmont-tremblant.ca\/fr\/accommodation-facility\/internet-wifi\/\">Acc\u00e8s internet (Wifi)<\/a><\/span>, <span class=\"facility-acces-prive-au-lac\"><a href=\"https:\/\/dev.chaletslaurentidesmont-tremblant.ca\/fr\/accommodation-facility\/acces-prive-au-lac\/\">Acc\u00e8s priv\u00e9 au lac et embarcation nautique<\/a><\/span>, <span class=\"facility-chaines-satellite\"><a href=\"https:\/\/dev.chaletslaurentidesmont-tremblant.ca\/fr\/accommodation-facility\/chaines-satellite\/\">Cha\u00eenes satellite<\/a><\/span>, <span class=\"facility-literie\"><a href=\"https:\/\/dev.chaletslaurentidesmont-tremblant.ca\/fr\/accommodation-facility\/literie\/\">Literie<\/a><\/span>, <span class=\"facility-materiel-de-repassage\"><a href=\"https:\/\/dev.chaletslaurentidesmont-tremblant.ca\/fr\/accommodation-facility\/materiel-de-repassage\/\">Mat\u00e9riel de repassage<\/a><\/span>, <span class=\"facility-serviettes-et-essuie-mains\"><a href=\"https:\/\/dev.chaletslaurentidesmont-tremblant.ca\/fr\/accommodation-facility\/serviettes-et-essuie-mains\/\">Serviettes et essuie-mains<\/a><\/span>, <span class=\"facility-station-daccueil-pour-ipod\"><a href=\"https:\/\/dev.chaletslaurentidesmont-tremblant.ca\/fr\/accommodation-facility\/station-daccueil-pour-ipod\/\">Station d'accueil pour iPod<\/a><\/span>, <span class=\"facility-television-fr\"><a href=\"https:\/\/dev.chaletslaurentidesmont-tremblant.ca\/fr\/accommodation-facility\/television-fr\/\">T\u00e9l\u00e9vision<\/a><\/span>, <span class=\"facility-terrasse-avec-espace-repas-exterieur-et-barbecue\"><a href=\"https:\/\/dev.chaletslaurentidesmont-tremblant.ca\/fr\/accommodation-facility\/terrasse-avec-espace-repas-exterieur-et-barbecue\/\">Terrasse avec espace repas ext\u00e9rieur et barbecue<\/a><\/span>, <span class=\"facility-ventilateur\"><a href=\"https:\/\/dev.chaletslaurentidesmont-tremblant.ca\/fr\/accommodation-facility\/ventilateur\/\">Ventilateur<\/a><\/span><\/span><\/li>\n\n\n\n\t<li class=\"mphb-room-type-view\"><span class=\"mphb-attribute-title mphb-view-title\">Vue :<\/span><span class=\"mphb-attribute-value\">\n\tJardin avec acc\u00e8s priv\u00e9e au lac\n\t<\/span><\/li>\n\n\n\n\t<li class=\"mphb-room-type-size\"><span class=\"mphb-attribute-title mphb-size-title\">Taille :<\/span><span class=\"mphb-attribute-value\">\n\t327ft\u00b2\n\t<\/span><\/li>\n\n\n\t<li class=\"mphb-room-type-bed-type\"><span  class=\"mphb-attribute-title mphb-bed-type-title\">Type de lit:<\/span><span class=\"mphb-attribute-value\">\n\t1 lit double, Salon: 1 canap\u00e9-lit\n\t<\/span><\/li>\n\n\n\t<li class=\"mphb-room-type-categories\"><span class=\"mphb-attribute-title mphb-categories-title\">Cat\u00e9gories :<\/span><span class=\"mphb-attribute-value\"> <span class=\"category-chalet-fr\"><a href=\"https:\/\/dev.chaletslaurentidesmont-tremblant.ca\/fr\/accommodation-category\/chalet-fr\/\">Chalet<\/a><\/span><\/span><\/li>\n\n<\/ul>\n<h3 class=\"mphb-room-type-details-title\">D\u00e9tails<\/h3><ul class=\"mphb-loop-room-type-attributes\">\n\n\n\t<li class=\"mphb-room-type-adults-capacity\"><span class=\"mphb-attribute-title mphb-adults-title\">Personnes:<\/span><span class=\"mphb-attribute-value\">\n\t4\n\t<\/span><\/li>\n\n\n\n\t<li class=\"mphb-room-type-facilities\"><span class=\"mphb-attribute-title mphb-facilities-title\">Commodit\u00e9s:<\/span><span class=\"mphb-attribute-value\"> <span class=\"facility-internet-wifi\"><a href=\"https:\/\/dev.chaletslaurentidesmont-tremblant.ca\/fr\/accommodation-facility\/internet-wifi\/\">Acc\u00e8s internet (Wifi)<\/a><\/span>, <span class=\"facility-acces-prive-au-lac\"><a href=\"https:\/\/dev.chaletslaurentidesmont-tremblant.ca\/fr\/accommodation-facility\/acces-prive-au-lac\/\">Acc\u00e8s priv\u00e9 au lac et embarcation nautique<\/a><\/span>, <span class=\"facility-chaines-satellite\"><a href=\"https:\/\/dev.chaletslaurentidesmont-tremblant.ca\/fr\/accommodation-facility\/chaines-satellite\/\">Cha\u00eenes satellite<\/a><\/span>, <span class=\"facility-literie\"><a href=\"https:\/\/dev.chaletslaurentidesmont-tremblant.ca\/fr\/accommodation-facility\/literie\/\">Literie<\/a><\/span>, <span class=\"facility-materiel-de-repassage\"><a href=\"https:\/\/dev.chaletslaurentidesmont-tremblant.ca\/fr\/accommodation-facility\/materiel-de-repassage\/\">Mat\u00e9riel de repassage<\/a><\/span>, <span class=\"facility-serviettes-et-essuie-mains\"><a href=\"https:\/\/dev.chaletslaurentidesmont-tremblant.ca\/fr\/accommodation-facility\/serviettes-et-essuie-mains\/\">Serviettes et essuie-mains<\/a><\/span>, <span class=\"facility-station-daccueil-pour-ipod\"><a href=\"https:\/\/dev.chaletslaurentidesmont-tremblant.ca\/fr\/accommodation-facility\/station-daccueil-pour-ipod\/\">Station d'accueil pour iPod<\/a><\/span>, <span class=\"facility-television-fr\"><a href=\"https:\/\/dev.chaletslaurentidesmont-tremblant.ca\/fr\/accommodation-facility\/television-fr\/\">T\u00e9l\u00e9vision<\/a><\/span>, <span class=\"facility-terrasse-avec-espace-repas-exterieur-et-barbecue\"><a href=\"https:\/\/dev.chaletslaurentidesmont-tremblant.ca\/fr\/accommodation-facility\/terrasse-avec-espace-repas-exterieur-et-barbecue\/\">Terrasse avec espace repas ext\u00e9rieur et barbecue<\/a><\/span>, <span class=\"facility-ventilateur\"><a href=\"https:\/\/dev.chaletslaurentidesmont-tremblant.ca\/fr\/accommodation-facility\/ventilateur\/\">Ventilateur<\/a><\/span><\/span><\/li>\n\n\n\n\t<li class=\"mphb-room-type-view\"><span class=\"mphb-attribute-title mphb-view-title\">Vue :<\/span><span class=\"mphb-attribute-value\">\n\tJardin avec acc\u00e8s priv\u00e9e au lac\n\t<\/span><\/li>\n\n\n\n\t<li class=\"mphb-room-type-size\"><span class=\"mphb-attribute-title mphb-size-title\">Taille :<\/span><span class=\"mphb-attribute-value\">\n\t327ft\u00b2\n\t<\/span><\/li>\n\n\n\t<li class=\"mphb-room-type-bed-type\"><span  class=\"mphb-attribute-title mphb-bed-type-title\">Type de lit:<\/span><span class=\"mphb-attribute-value\">\n\t1 lit double, Salon: 1 canap\u00e9-lit\n\t<\/span><\/li>\n\n\n\t<li class=\"mphb-room-type-categories\"><span class=\"mphb-attribute-title mphb-categories-title\">Cat\u00e9gories :<\/span><span class=\"mphb-attribute-value\"> <span class=\"category-chalet-fr\"><a href=\"https:\/\/dev.chaletslaurentidesmont-tremblant.ca\/fr\/accommodation-category\/chalet-fr\/\">Chalet<\/a><\/span><\/span><\/li>\n\n<\/ul>\n\n\t<p class=\"mphb-regular-price\"><strong>Prix \u00e0 partir de:<\/strong>\n\t<span class=\"mphb-price\">353.66<span class=\"mphb-currency\">&#36;<\/span><\/span> <span class=\"mphb-price-period\" title=\"Choisissez les dates pour voir les prix pertinents\">par nuit<\/span><span class=\"mphb-tax-information taxes-included\"> (+taxes et frais)<\/span>\n\t<\/p>\n\n<p class=\"mphb-view-details-button-wrapper\">\n<a class=\"button mphb-view-details-button\" href=\"https:\/\/dev.chaletslaurentidesmont-tremblant.ca\/fr\/accommodation\/chalet-le-geai-bleu\/\" >Voir les d\u00e9tails<\/a>\n<\/p>\n<div class=\"mphb-to-book-btn-wrapper\">\n<form action=\"https:\/\/dev.chaletslaurentidesmont-tremblant.ca\/fr\/accommodation\/chalet-le-geai-bleu\/#booking-form-1246\" method=\"get\" ><button type=\"submit\" class=\"button mphb-book-button\" >R\u00e9server<\/button><\/form>\n<br\/><\/div>\n\t\n<\/div>\n\n<\/div>\n","protected":false},"excerpt":{"rendered":"","protected":false},"author":1,"featured_media":0,"parent":0,"menu_order":0,"comment_status":"closed","ping_status":"closed","template":"template-front-page.php","meta":{"footnotes":""},"class_list":["post-1182","page","type-page","status-publish","hentry"],"_links":{"self":[{"href":"https:\/\/dev.chaletslaurentidesmont-tremblant.ca\/fr\/wp-json\/wp\/v2\/pages\/1182","targetHints":{"allow":["GET"]}}],"collection":[{"href":"https:\/\/dev.chaletslaurentidesmont-tremblant.ca\/fr\/wp-json\/wp\/v2\/pages"}],"about":[{"href":"https:\/\/dev.chaletslaurentidesmont-tremblant.ca\/fr\/wp-json\/wp\/v2\/types\/page"}],"author":[{"embeddable":true,"href":"https:\/\/dev.chaletslaurentidesmont-tremblant.ca\/fr\/wp-json\/wp\/v2\/users\/1"}],"replies":[{"embeddable":true,"href":"https:\/\/dev.chaletslaurentidesmont-tremblant.ca\/fr\/wp-json\/wp\/v2\/comments?post=1182"}],"version-history":[{"count":0,"href":"https:\/\/dev.chaletslaurentidesmont-tremblant.ca\/fr\/wp-json\/wp\/v2\/pages\/1182\/revisions"}],"wp:attachment":[{"href":"https:\/\/dev.chaletslaurentidesmont-tremblant.ca\/fr\/wp-json\/wp\/v2\/media?parent=1182"}],"curies":[{"name":"wp","href":"https:\/\/api.w.org\/{rel}","templated":true}]}}