{"id":1188,"date":"2022-08-22T17:27:59","date_gmt":"2022-08-22T21:27:59","guid":{"rendered":"https:\/\/dev.chaletslaurentidesmont-tremblant.ca\/?page_id=1188"},"modified":"2023-12-01T15:28:07","modified_gmt":"2023-12-01T20:28:07","slug":"contact","status":"publish","type":"page","link":"https:\/\/dev.chaletslaurentidesmont-tremblant.ca\/fr\/contact\/","title":{"rendered":"Contact"},"content":{"rendered":"<h4>Heureux de vous accueillir<\/h4>\n<h2>Adresse administrative<\/h2>\n<p><strong>Chalets Laurentides Mont-Tremblant<\/strong><br \/>\n108 de Bromont<br \/>\nGatineau, Quebec<br \/>\nJ8T 6E8<\/p>\n<p><a role=\"button\" href=\"tel:8192433108\"><br \/>\n819 243-3108<br \/>\n<\/a><\/p>\n<h2>Questions fr\u00e9quentes<\/h2>\n<p><a> Est-ce que je peux arriver avant 16:00 la journ\u00e9e de l\u2019arriv\u00e9e ou partir plus tard que 11:00 la journ\u00e9e du d\u00e9part?<\/a><\/p>\n<p>Nous voulons vous offrir une belle exp\u00e9rience lors de votre s\u00e9jour chez nous. Donc notre \u00e9quipe de nettoyage a besoin de chaque minute entre 11:00 et 16:00 pour pr\u00e9parer le chalet pour votre arriv\u00e9e. Si vous voulez profiter des lieux avant ou apr\u00e8s vos dates choisies, il faut simplement demander une nuit suppl\u00e9mentaire si c\u2019est possible et de payer les suppl\u00e9ments.<\/p>\n<p><a>Est-ce que je peux, ou un membre de ma famille, amener un animal de compagnie?<\/a><\/p>\n<p>Non. \u00a0Aucun animal n\u2019est\u00a0 allou\u00e9 sur la propri\u00e9t\u00e9 ou dans les chalets. Ceci inclus aussi ceux que vos invit\u00e9s d\u00e9sireraient emmener avec eux m\u00eame s\u2019ils ne demeurent pas avec vous pour la nuit. Tout locataire qui va a l\u2019encontre des politiques pourrait voir son s\u00e9jour \u00e9court\u00e9 sans recours et nous nous r\u00e9servons le droit d\u2019ex\u00e9cuter la clause du d\u00e9p\u00f4t de s\u00e9curit\u00e9.<\/p>\n<p><a>Est \u2013ce que je peux fumer ou vapoter dans le chalet ou sur le terrain?<\/a><\/p>\n<p>Les chalets lou\u00e9s sont officiellement non-fumeur, il est interdit de fumer <strong>toutes substances<\/strong> \u00e0 l\u2019int\u00e9rieur du chalet. Vous et vos invit\u00e9s peuvent fumer ou vapoter \u00e0 l\u2019ext\u00e9rieur du chalet loin des portes et fen\u00eatres. Deux contenants de sable sont disponibles pour vos m\u00e9gots. Le premier contenant est \u00e0 l\u2019entr\u00e9e principale et le deuxi\u00e8me sur le patio. Il est strictement interdit de lancer les m\u00e9gots sur le terrain ou dans le lac.<\/p>\n<p>Tout locataire qui va a l\u2019encontre des politiques pourrait voir son s\u00e9jour \u00e9court\u00e9 sans recours et nous nous r\u00e9servons le droit d\u2019ex\u00e9cuter la clause du d\u00e9p\u00f4t de s\u00e9curit\u00e9.<\/p>\n<p><a>Pouvons-nous se baigner dans le lac?<\/a><\/p>\n<p>Oui, le lac-Duhamel est renomm\u00e9 pour la qualit\u00e9 de son eau.<\/p>\n<p><a>Comment est le rivage de la propri\u00e9t\u00e9?<\/a><\/p>\n<p>La propri\u00e9t\u00e9 a \u00e9t\u00e9 am\u00e9nag\u00e9e pour rencontrer les nouvelles exigences de l\u2019environnement du Qu\u00e9bec. La berge a \u00e9t\u00e9 rebois\u00e9e en gardant\u00a0 un espace pour l\u2019acc\u00e8s au lac.\u00a0 Les premiers 15 pieds sont\u00a0 sablonneux avec une pente graduelle de 0 \u00e0 5 pieds de profondeur. Attendez-vous \u00e0 des plantes aquatiques, ceci est un lac en sant\u00e9.<\/p>\n<p><a>Pouvons-nous emporter nos propres embarcations?<\/a><\/p>\n<p>Nous n\u2019avons pas de d\u00e9barcad\u00e8re pour les embarcations sur remorque. Les embarcations motoris\u00e9es des non-r\u00e9sidents et des locataires \u00e0 court terme ne sont pas admises sur le lac Duhamel. Toute embarcation ou \u00e9quipement non-motoris\u00e9 doivent \u00eatre lav\u00e9s avant d\u2019\u00eatre utilis\u00e9s sur le lac Duhamel selon le r\u00e8glement municipal de la Ville de Mont-Tremblant (<a href=\"http:\/\/www.villedemont-tremblant.qc.ca\/fr\/ville\/developpement-durable\/cours-deau-et-lacs\" rel=\"nofollow noopener\" target=\"_blank\">http:\/\/www.villedemont-tremblant.qc.ca\/fr\/ville\/developpement-durable\/cours-deau-et-lacs<\/a>).<\/p>\n<h2>Contactez nous<\/h2>\n<p class=\"wpcf7-contact-form-not-found\"><strong>Erreur\u00a0:<\/strong> Formulaire de contact non trouv\u00e9\u00a0!<\/p>\n","protected":false},"excerpt":{"rendered":"<p>Heureux de vous accueillir Adresse administrative Chalets Laurentides Mont-Tremblant 108 de Bromont Gatineau, Quebec J8T 6E8 819 243-3108 Questions fr\u00e9quentes Est-ce que je peux arriver avant 16:00 la journ\u00e9e de l\u2019arriv\u00e9e ou partir plus tard que 11:00 la journ\u00e9e du d\u00e9part? Nous voulons vous offrir une belle exp\u00e9rience lors de votre s\u00e9jour chez nous. Donc &hellip; <a href=\"https:\/\/dev.chaletslaurentidesmont-tremblant.ca\/fr\/contact\/\" class=\"more-link\">Continue reading<span class=\"screen-reader-text\"> \u00ab\u00a0Contact\u00a0\u00bb<\/span><\/a><\/p>\n","protected":false},"author":1,"featured_media":0,"parent":0,"menu_order":0,"comment_status":"closed","ping_status":"closed","template":"","meta":{"footnotes":""},"class_list":["post-1188","page","type-page","status-publish","hentry"],"_links":{"self":[{"href":"https:\/\/dev.chaletslaurentidesmont-tremblant.ca\/fr\/wp-json\/wp\/v2\/pages\/1188","targetHints":{"allow":["GET"]}}],"collection":[{"href":"https:\/\/dev.chaletslaurentidesmont-tremblant.ca\/fr\/wp-json\/wp\/v2\/pages"}],"about":[{"href":"https:\/\/dev.chaletslaurentidesmont-tremblant.ca\/fr\/wp-json\/wp\/v2\/types\/page"}],"author":[{"embeddable":true,"href":"https:\/\/dev.chaletslaurentidesmont-tremblant.ca\/fr\/wp-json\/wp\/v2\/users\/1"}],"replies":[{"embeddable":true,"href":"https:\/\/dev.chaletslaurentidesmont-tremblant.ca\/fr\/wp-json\/wp\/v2\/comments?post=1188"}],"version-history":[{"count":0,"href":"https:\/\/dev.chaletslaurentidesmont-tremblant.ca\/fr\/wp-json\/wp\/v2\/pages\/1188\/revisions"}],"wp:attachment":[{"href":"https:\/\/dev.chaletslaurentidesmont-tremblant.ca\/fr\/wp-json\/wp\/v2\/media?parent=1188"}],"curies":[{"name":"wp","href":"https:\/\/api.w.org\/{rel}","templated":true}]}}